{"id":537,"date":"2021-12-11T17:14:16","date_gmt":"2021-12-11T16:14:16","guid":{"rendered":"http:\/\/leonardo-labs.fr\/en\/?page_id=537"},"modified":"2021-12-11T17:14:16","modified_gmt":"2021-12-11T16:14:16","slug":"metals-mettales-metalle","status":"publish","type":"page","link":"http:\/\/leonardo-labs.fr\/en\/metals-mettales-metalle\/","title":{"rendered":"Metals &#8211; Mettales -Metalle"},"content":{"rendered":"\n<div class=\"wp-block-image\"><figure class=\"aligncenter size-large\"><img decoding=\"async\" loading=\"lazy\" width=\"180\" height=\"180\" src=\"http:\/\/leonardo-labs.fr\/en\/wp-content\/uploads\/2021\/12\/emField_180.png\" alt=\"\" class=\"wp-image-545\" srcset=\"http:\/\/leonardo-labs.fr\/en\/wp-content\/uploads\/2021\/12\/emField_180.png 180w, http:\/\/leonardo-labs.fr\/en\/wp-content\/uploads\/2021\/12\/emField_180-150x150.png 150w\" sizes=\"(max-width: 180px) 100vw, 180px\" \/><\/figure><\/div>\n\n\n\n<p align=\"center\"><a href=\"#english\">English<\/a> &#8211; <a href=\"#spanish\">Spanish<\/a> &#8211; <a href=\"#german\">German<\/a><\/p><br>\n\n\n\n<p>Your iPhone is equipped with a compass to detect Earth natural magnetic field. Whenever you approach your device to a metal or a magnet, the natural field is locally altered. This application detects these modifications and signal the present of a metal (or a magnet).<\/p>\n\n\n\n<div class=\"is-layout-flow wp-block-group\"><div class=\"wp-block-group__inner-container\">\n<p><img decoding=\"async\" loading=\"lazy\" class=\"alignleft size-medium wp-image-554\" src=\"http:\/\/leonardo-labs.fr\/en\/wp-content\/uploads\/2021\/12\/5.5en-169x300.png\" alt=\"\" width=\"169\" height=\"300\"><\/p>\n<h4 style=\"padding-left: 80px;\"><a id=\"english\"><\/a><b>English (Metals)<\/b><\/h4>\n<p style=\"padding-left: 40px;\">Metals is designed to initiate children to the magics of magnetism. It uses the electronic compass of iPhones and iPad to detect the presence of metals or magnets, even when they are not visible to our eyes. If you&#8217;re used to look for your keys in your bag, this application may help you to find them faster&#8230; Unless your iPhone is deeply buried in your bag too&#8230;<\/p>\n<\/div><\/div>\n\n\n\n<a id=\"spanish\"><b>Espa\u00f1ol (Metalles)<\/b><\/a><br><p>Metales permitir\u00e1 demostrar a sus hijos qu\u00e9 es el magnetismo, los imanes, y la influencia de algunos metales sobre el campo magn\u00e9tico natural creado en el centro de la tierra. Y, por qu\u00e9 no, me sugiri\u00f3 una amiga adepta de los sacos de viaje, utilizarlo para ayudar a encontrar m\u00e1s f\u00e1cilmente las llaves en un bolso grande&#8230; \u00a1siempre que no hayamos perdido tambi\u00e9n el tel\u00e9fono!\n<\/p><br>\n\n\n\n<a id=\"german\"><b>Deutsch (Metalle)<\/b><\/a><br><p>Dieses Programm ist entwickelt worden, um zu zeigen, wie die Empf\u00e4nger der Mobiltelefone erlauben, Kinder in die Welt der physikalischen Phenom\u00e4ne einzuf\u00fchren. Es benutzt den elektronischen Kompass, um Metalle und Magnete zu entdecken.\n<\/p><br>\n\n\n\n<p><\/p>\n","protected":false},"excerpt":{"rendered":"<p>English &#8211; Spanish &#8211; German Your iPhone is equipped with a compass to detect Earth natural magnetic field. Whenever you approach your device to a metal or a magnet, the natural field is locally altered. This application detects these modifications and signal the present of a metal (or a magnet). English (Metals) Metals is designed [&hellip;]<\/p>\n","protected":false},"author":2,"featured_media":0,"parent":0,"menu_order":0,"comment_status":"closed","ping_status":"closed","template":"","meta":{"_bbp_topic_count":0,"_bbp_reply_count":0,"_bbp_total_topic_count":0,"_bbp_total_reply_count":0,"_bbp_voice_count":0,"_bbp_anonymous_reply_count":0,"_bbp_topic_count_hidden":0,"_bbp_reply_count_hidden":0,"_bbp_forum_subforum_count":0},"_links":{"self":[{"href":"http:\/\/leonardo-labs.fr\/en\/wp-json\/wp\/v2\/pages\/537"}],"collection":[{"href":"http:\/\/leonardo-labs.fr\/en\/wp-json\/wp\/v2\/pages"}],"about":[{"href":"http:\/\/leonardo-labs.fr\/en\/wp-json\/wp\/v2\/types\/page"}],"author":[{"embeddable":true,"href":"http:\/\/leonardo-labs.fr\/en\/wp-json\/wp\/v2\/users\/2"}],"replies":[{"embeddable":true,"href":"http:\/\/leonardo-labs.fr\/en\/wp-json\/wp\/v2\/comments?post=537"}],"version-history":[{"count":22,"href":"http:\/\/leonardo-labs.fr\/en\/wp-json\/wp\/v2\/pages\/537\/revisions"}],"predecessor-version":[{"id":565,"href":"http:\/\/leonardo-labs.fr\/en\/wp-json\/wp\/v2\/pages\/537\/revisions\/565"}],"wp:attachment":[{"href":"http:\/\/leonardo-labs.fr\/en\/wp-json\/wp\/v2\/media?parent=537"}],"curies":[{"name":"wp","href":"https:\/\/api.w.org\/{rel}","templated":true}]}}